{"id":62,"date":"2024-04-29T06:51:52","date_gmt":"2024-04-29T06:51:52","guid":{"rendered":"http:\/\/www.mielenvalmennuskeskus.fi\/?page_id=62"},"modified":"2024-05-04T14:24:53","modified_gmt":"2024-05-04T14:24:53","slug":"tietoja","status":"publish","type":"page","link":"http:\/\/www.mielenvalmennuskeskus.fi\/index.php\/tietoja\/","title":{"rendered":"Tietoja"},"content":{"rendered":"\n<p class=\"has-lato-font-family\"><\/p>\n\n\n\n<h3 class=\"wp-block-heading\">Yhteyshenkil\u00f6t<\/h3>\n\n\n\n<div class=\"wp-block-columns is-layout-flex wp-container-core-columns-is-layout-28f84493 wp-block-columns-is-layout-flex\">\n<div class=\"wp-block-column is-layout-flow wp-block-column-is-layout-flow\">\n<p><strong>Janne Karvonen<\/strong><\/p>\n\n\n\n<p>jannekarvonen@icloud.com<\/p>\n\n\n\n<p>044 0706097<\/p>\n<\/div>\n\n\n\n<div class=\"wp-block-column is-layout-flow wp-block-column-is-layout-flow\">\n<p><strong>Elina Karvonen<\/strong><\/p>\n\n\n\n<p>elina.karvonen@icloud.com<\/p>\n\n\n\n<p><\/p>\n<\/div>\n\n\n\n<div class=\"wp-block-column is-layout-flow wp-block-column-is-layout-flow\">\n<p><strong>Hanna Vihonen<\/strong><\/p>\n\n\n\n<p>hanna.vihonen@gmail.com<\/p>\n<\/div>\n<\/div>\n\n\n\n<p><\/p>\n\n\n\n<div class=\"wp-block-columns is-layout-flex wp-container-core-columns-is-layout-28f84493 wp-block-columns-is-layout-flex\">\n<div class=\"wp-block-column is-layout-flow wp-block-column-is-layout-flow\">\n<p><strong>Paperilaskujen laskutusosoite ja ohjeistus<\/strong><\/p>\n\n\n\n<p>Aarne701 Oy<\/p>\n\n\n\n<p>23102528<br>PL100<br>80020 Kollektor Scan<\/p>\n<\/div>\n\n\n\n<div class=\"wp-block-column is-layout-flow wp-block-column-is-layout-flow\">\n<p><strong>Laskutustiedot \/ Verkkolaskutustiedot<\/strong><\/p>\n\n\n\n<p>Aarne701 Oy<\/p>\n\n\n\n<p>Verkkolaskuosoite: 003723102528<\/p>\n\n\n\n<p>V\u00e4litt\u00e4j\u00e4tunnus: DABAFIHH<\/p>\n\n\n\n<p>V\u00e4litt\u00e4j\u00e4tunnus: 003721291126<\/p>\n\n\n\n<p><\/p>\n<\/div>\n<\/div>\n\n\n\n<p><\/p>\n","protected":false},"excerpt":{"rendered":"<p>Yhteyshenkil\u00f6t Janne Karvonen jannekarvonen@icloud.com 044 0706097 Elina Karvonen elina.karvonen@icloud.com Hanna Vihonen hanna.vihonen@gmail.com Paperilaskujen laskutusosoite ja ohjeistus Aarne701 Oy 23102528PL10080020 Kollektor Scan Laskutustiedot \/ [&hellip;]<\/p>\n","protected":false},"author":1,"featured_media":34,"parent":0,"menu_order":0,"comment_status":"closed","ping_status":"closed","template":"","meta":{"footnotes":""},"class_list":["post-62","page","type-page","status-publish","has-post-thumbnail","hentry"],"_links":{"self":[{"href":"http:\/\/www.mielenvalmennuskeskus.fi\/index.php\/wp-json\/wp\/v2\/pages\/62","targetHints":{"allow":["GET"]}}],"collection":[{"href":"http:\/\/www.mielenvalmennuskeskus.fi\/index.php\/wp-json\/wp\/v2\/pages"}],"about":[{"href":"http:\/\/www.mielenvalmennuskeskus.fi\/index.php\/wp-json\/wp\/v2\/types\/page"}],"author":[{"embeddable":true,"href":"http:\/\/www.mielenvalmennuskeskus.fi\/index.php\/wp-json\/wp\/v2\/users\/1"}],"replies":[{"embeddable":true,"href":"http:\/\/www.mielenvalmennuskeskus.fi\/index.php\/wp-json\/wp\/v2\/comments?post=62"}],"version-history":[{"count":7,"href":"http:\/\/www.mielenvalmennuskeskus.fi\/index.php\/wp-json\/wp\/v2\/pages\/62\/revisions"}],"predecessor-version":[{"id":201,"href":"http:\/\/www.mielenvalmennuskeskus.fi\/index.php\/wp-json\/wp\/v2\/pages\/62\/revisions\/201"}],"wp:featuredmedia":[{"embeddable":true,"href":"http:\/\/www.mielenvalmennuskeskus.fi\/index.php\/wp-json\/wp\/v2\/media\/34"}],"wp:attachment":[{"href":"http:\/\/www.mielenvalmennuskeskus.fi\/index.php\/wp-json\/wp\/v2\/media?parent=62"}],"curies":[{"name":"wp","href":"https:\/\/api.w.org\/{rel}","templated":true}]}}